{"id":799,"date":"2023-09-27T14:50:31","date_gmt":"2023-09-27T14:50:31","guid":{"rendered":"https:\/\/bagger-meyer.vishibademo.net\/?page_id=799"},"modified":"2023-09-28T15:59:49","modified_gmt":"2023-09-28T15:59:49","slug":"impressum","status":"publish","type":"page","link":"https:\/\/bagger-meyer.de\/en\/impressum\/","title":{"rendered":"Imprint"},"content":{"rendered":"<div data-elementor-type=\"wp-page\" data-elementor-id=\"799\" class=\"elementor elementor-799\">\n\t\t\t\t\t\t\t<div class=\"elementor-element elementor-element-5bea37f3 e-flex e-con-boxed e-con e-parent\" data-id=\"5bea37f3\" data-element_type=\"container\" data-settings=\"{&quot;content_width&quot;:&quot;boxed&quot;}\" data-core-v316-plus=\"true\">\n\t\t\t\t\t<div class=\"e-con-inner\">\n\t\t\t\t<div class=\"elementor-element elementor-element-1a677a17 elementor-widget elementor-widget-text-editor\" data-id=\"1a677a17\" data-element_type=\"widget\" data-widget_type=\"text-editor.default\">\n\t\t\t\t<div class=\"elementor-widget-container\">\n\t\t\t<style>\/*! elementor - v3.16.0 - 20-09-2023 *\/\n.elementor-widget-text-editor.elementor-drop-cap-view-stacked .elementor-drop-cap{background-color:#69727d;color:#fff}.elementor-widget-text-editor.elementor-drop-cap-view-framed .elementor-drop-cap{color:#69727d;border:3px solid;background-color:transparent}.elementor-widget-text-editor:not(.elementor-drop-cap-view-default) .elementor-drop-cap{margin-top:8px}.elementor-widget-text-editor:not(.elementor-drop-cap-view-default) .elementor-drop-cap-letter{width:1em;height:1em}.elementor-widget-text-editor .elementor-drop-cap{float:left;text-align:center;line-height:1;font-size:50px}.elementor-widget-text-editor .elementor-drop-cap-letter{display:inline-block}<\/style>\t\t\t\t<div><div><div><div><div><h4><strong>Responsible for content \u00a7 55 ABS. 2 RSTV:<\/strong><\/h4><h4 style=\"margin-bottom: 0px; padding-bottom: 10px; background-image: initial; background-position: 0px 0px; background-size: initial; background-repeat: initial; background-attachment: initial; background-origin: initial; background-clip: initial; font-size: 18px; text-size-adjust: 100%; color: #333333; font-weight: 500; line-height: 1em; font-family: 'Open Sans', Arial, sans-serif; font-style: normal;\"><span style=\"margin: 0px; padding: 0px; border: 0px; outline: 0px; background: 0px 0px; vertical-align: baseline; text-size-adjust: 100%; font-weight: bold;\">Responsible for the content according to \u00a7 55 ABS. 2 RSTV:<\/span><\/h4><p style=\"margin-bottom: 0px; padding-bottom: 1em; background-image: initial; background-position: 0px 0px; background-size: initial; background-repeat: initial; background-attachment: initial; background-origin: initial; background-clip: initial; font-size: 14px; text-size-adjust: 100%; color: #666666; font-family: 'Open Sans', Arial, sans-serif; font-style: normal; font-weight: 500;\"><b style=\"margin: 0px; padding: 0px; border: 0px; outline: 0px; background: 0px 0px; vertical-align: baseline; text-size-adjust: 100%;\">Bagger-Meyer Baumaschinen<\/b><\/p><p style=\"margin-bottom: 0px; padding-bottom: 1em; background-image: initial; background-position: 0px 0px; background-size: initial; background-repeat: initial; background-attachment: initial; background-origin: initial; background-clip: initial; font-size: 14px; text-size-adjust: 100%; color: #666666; font-family: 'Open Sans', Arial, sans-serif; font-style: normal; font-weight: 500;\">Owner Claus J\u00fcrgen Meyer<br \/>Dorfstra\u00dfe 1<br \/>88131 Bodolz<\/p><p style=\"margin-bottom: 0px; padding-bottom: 1em; background-image: initial; background-position: 0px 0px; background-size: initial; background-repeat: initial; background-attachment: initial; background-origin: initial; background-clip: initial; font-size: 14px; text-size-adjust: 100%; color: #666666; font-family: 'Open Sans', Arial, sans-serif; font-style: normal; font-weight: 500;\">USt.-ID.-Nr. DE258197110<br \/>Steuernummer: 134\/251\/10408<br \/>Finanzamt Lindau (B)<\/p><h5 style=\"margin-bottom: 0px; padding-bottom: 10px; background-image: initial; background-position: 0px 0px; background-size: initial; background-repeat: initial; background-attachment: initial; background-origin: initial; background-clip: initial; font-size: 16px; text-size-adjust: 100%; color: #333333; font-weight: 500; line-height: 1em; font-family: 'Open Sans', Arial, sans-serif; font-style: normal;\"><span style=\"margin: 0px; padding: 0px; border: 0px; outline: 0px; background: 0px 0px; vertical-align: baseline; text-size-adjust: 100%; font-weight: bold;\">Contact<\/span><\/h5><p style=\"margin-bottom: 0px; padding-bottom: 1em; background-image: initial; background-position: 0px 0px; background-size: initial; background-repeat: initial; background-attachment: initial; background-origin: initial; background-clip: initial; font-size: 14px; text-size-adjust: 100%; color: #666666; font-family: 'Open Sans', Arial, sans-serif; font-style: normal; font-weight: 500;\">Telefon: +49 171 5273656<br \/>E-Mail:\u00a0<a style=\"margin: 0px; padding: 0px; border: 0px; outline: 0px; background-image: initial; background-position: 0px 0px; background-size: initial; background-repeat: initial; background-attachment: initial; background-origin: initial; background-clip: initial; vertical-align: baseline; text-size-adjust: 100%; color: #e02b20;\" href=\"mailto:cj.meyer@bagger-meyer.de\">cj.meyer@bagger-meyer.de<\/a><\/p><p style=\"margin-bottom: 0px; padding-bottom: 1em; background-image: initial; background-position: 0px 0px; background-size: initial; background-repeat: initial; background-attachment: initial; background-origin: initial; background-clip: initial; font-size: 14px; text-size-adjust: 100%; color: #666666; font-family: 'Open Sans', Arial, sans-serif; font-style: normal; font-weight: 500;\">Liability notice: Despite careful control of content, we assume no liability for the content of external links. The operators are solely responsible for the content of the linked pages.<\/p><h2 style=\"margin-bottom: 0px; padding-bottom: 10px; background-image: initial; background-position: 0px 0px; background-size: initial; background-repeat: initial; background-attachment: initial; background-origin: initial; background-clip: initial; font-size: 26px; text-size-adjust: 100%; color: #333333; line-height: 1em; font-family: 'Open Sans', Arial, sans-serif; font-style: normal;\"><a style=\"margin: 0px; padding: 0px; border: 0px; outline: 0px; background-image: initial; background-position: 0px 0px; background-size: initial; background-repeat: initial; background-attachment: initial; background-origin: initial; background-clip: initial; vertical-align: baseline; text-size-adjust: 100%;\" href=\"https:\/\/bagger-meyer.de\/en\/impressum\/datenschutzerklaerung\/\">Data protection<\/a><\/h2><p>\u00a0<\/p><\/div><\/div><div><a class=\"et_pb_button et_pb_button_0 et_pb_module et_pb_bg_layout_light\" style=\"margin: 0px; padding: 0.3em 1em; border: 2px solid; outline: 0px; background: center center \/ cover no-repeat #ffffff; font-size: 20px; vertical-align: baseline; text-size-adjust: 100%; color: #e02b20; position: relative; border-radius: 3px; transition-timing-function: ease; animation-timing-function: linear; animation-duration: 0.2s; display: inline-block; font-family: 'Open Sans', Arial, sans-serif; line-height: 1.7em !important;\" href=\"https:\/\/bagger-meyer.vishibademo.net\/datenschutzerklarung\/\">Data protection<\/a><\/div><\/div><\/div><\/div><div class=\"et_pb_section et_pb_section_2 et_pb_with_background et_section_regular\"><div class=\"et_pb_row et_pb_row_1 et_pb_row_fullwidth\"><div class=\"et_pb_column et_pb_column_4_4 et_pb_column_1 et_pb_css_mix_blend_mode_passthrough et-last-child\"><div class=\"et_pb_text et_pb_module et_pb_bg_layout_light et_pb_text_align_center et_pb_text_1\"><div class=\"et_pb_text_inner\">\u00a0<\/div><\/div><\/div><\/div><\/div>\t\t\t\t\t\t<\/div>\n\t\t\t\t<\/div>\n\t\t\t\t\t<\/div>\n\t\t\t\t<\/div>\n\t\t\t\t\t\t\t<\/div>","protected":false},"excerpt":{"rendered":"<p>Responsible for content \u00a7 55 ABS. 2 RSTV: Verantwortlich f\u00fcr den Inhalt nach \u00a7 55 ABS. 2 RSTV: Bagger-Meyer Baumaschinen Inhaber Claus J\u00fcrgen MeyerDorfstra\u00dfe 188131 Bodolz USt.-ID.-Nr. DE258197110Steuernummer: 134\/251\/10408Finanzamt Lindau (B) Kontakt: Telefon: +49 171 5273656E-Mail:\u00a0cj.meyer@bagger-meyer.de Haftungshinweis: Trotz sorgf\u00e4ltiger inhaltlicher Kontrolle \u00fcbernehmen wir keine Haftung f\u00fcr die Inhalte externer Links. F\u00fcr den Inhalt der verlinkten &hellip;<\/p>\n<p class=\"read-more\"> <a class=\"\" href=\"https:\/\/bagger-meyer.de\/en\/impressum\/\"> <span class=\"screen-reader-text\">Imprint<\/span> Read More &raquo;<\/a><\/p>","protected":false},"author":1,"featured_media":0,"parent":0,"menu_order":0,"comment_status":"closed","ping_status":"closed","template":"","meta":{"_uag_custom_page_level_css":"","site-sidebar-layout":"default","site-content-layout":"","ast-site-content-layout":"default","site-content-style":"default","site-sidebar-style":"default","ast-global-header-display":"","ast-banner-title-visibility":"","ast-main-header-display":"","ast-hfb-above-header-display":"","ast-hfb-below-header-display":"","ast-hfb-mobile-header-display":"","site-post-title":"","ast-breadcrumbs-content":"","ast-featured-img":"","footer-sml-layout":"","theme-transparent-header-meta":"default","adv-header-id-meta":"","stick-header-meta":"","header-above-stick-meta":"","header-main-stick-meta":"","header-below-stick-meta":"","astra-migrate-meta-layouts":"set","footnotes":""},"class_list":["post-799","page","type-page","status-publish","hentry"],"uagb_featured_image_src":{"full":false,"thumbnail":false,"medium":false,"medium_large":false,"large":false,"1536x1536":false,"2048x2048":false,"trp-custom-language-flag":false},"uagb_author_info":{"display_name":"adminbm","author_link":"https:\/\/bagger-meyer.de\/en\/author\/adminbm\/"},"uagb_comment_info":0,"uagb_excerpt":"Responsible for content \u00a7 55 ABS. 2 RSTV: Verantwortlich f\u00fcr den Inhalt nach \u00a7 55 ABS. 2 RSTV: Bagger-Meyer Baumaschinen Inhaber Claus J\u00fcrgen MeyerDorfstra\u00dfe 188131 Bodolz USt.-ID.-Nr. DE258197110Steuernummer: 134\/251\/10408Finanzamt Lindau (B) Kontakt: Telefon: +49 171 5273656E-Mail:\u00a0cj.meyer@bagger-meyer.de Haftungshinweis: Trotz sorgf\u00e4ltiger inhaltlicher Kontrolle \u00fcbernehmen wir keine Haftung f\u00fcr die Inhalte externer Links. F\u00fcr den Inhalt der verlinkten&hellip;","_links":{"self":[{"href":"https:\/\/bagger-meyer.de\/en\/wp-json\/wp\/v2\/pages\/799","targetHints":{"allow":["GET"]}}],"collection":[{"href":"https:\/\/bagger-meyer.de\/en\/wp-json\/wp\/v2\/pages"}],"about":[{"href":"https:\/\/bagger-meyer.de\/en\/wp-json\/wp\/v2\/types\/page"}],"author":[{"embeddable":true,"href":"https:\/\/bagger-meyer.de\/en\/wp-json\/wp\/v2\/users\/1"}],"replies":[{"embeddable":true,"href":"https:\/\/bagger-meyer.de\/en\/wp-json\/wp\/v2\/comments?post=799"}],"version-history":[{"count":14,"href":"https:\/\/bagger-meyer.de\/en\/wp-json\/wp\/v2\/pages\/799\/revisions"}],"predecessor-version":[{"id":829,"href":"https:\/\/bagger-meyer.de\/en\/wp-json\/wp\/v2\/pages\/799\/revisions\/829"}],"wp:attachment":[{"href":"https:\/\/bagger-meyer.de\/en\/wp-json\/wp\/v2\/media?parent=799"}],"curies":[{"name":"wp","href":"https:\/\/api.w.org\/{rel}","templated":true}]}}